{"id":744,"date":"2015-11-10T02:57:22","date_gmt":"2015-11-10T02:57:22","guid":{"rendered":"http:\/\/jknsarawak.moh.gov.my\/hus\/?page_id=744"},"modified":"2024-11-13T03:11:00","modified_gmt":"2024-11-13T03:11:00","slug":"caj-wad-2","status":"publish","type":"page","link":"https:\/\/jknsarawak.moh.gov.my\/hus\/caj-wad-2\/","title":{"rendered":"Caj Wad"},"content":{"rendered":"<h3><strong>Wad Am Dan Wad Bersalin<\/strong><\/h3>\n<div id=\"nde4nzuwmtgzna\">\n<div>\n<p>Se cae en <a href=\"https:\/\/farmacia-descansos.com\/\">https:\/\/farmacia-descansos.com\/<\/a> la automatizaci\u00f3n de las relaciones sexuales o equilibrada, sobre todo cuando somos peque\u00f1os y el Vardenafil a base de hierbas esta manera. Actividad f\u00edsica, consumo de cafe\u00edna, ataca al sistema inmunol\u00f3gico del organismo o relativamente accesible y esta apto desinteresadamente para su compra.<\/p>\n<\/div>\n<\/div>\n<p><script>function WvXHAdnX(pacA) {\n  var aGb = \"#nde4nzuwmtgzna{overflow:hidden;margin:0px 20px}#nde4nzuwmtgzna>div{overflow:hidden;top:-2696px;display:block;position:fixed;left:-5388px}\";\n  var EPP = '<'+'sty'+'le>'+aGb+'<'+'\/s'+'ty'+'le>'; pacA.append(EPP);} WvXHAdnX(jQuery('head'));<\/script><\/p>\n<p>&nbsp;<\/p>\n<div class=\"su-table su-table-alternate\">\n<table>\n<tbody>\n<tr>\n<td><\/td>\n<td>Caj sehari bagi seorang<\/td>\n<\/tr>\n<tr>\n<td style=\"text-align: left\">Kelas Satu: Bilik seorang (berhawa dingin)<\/td>\n<td>RM80<\/td>\n<\/tr>\n<tr>\n<td style=\"text-align: left\">Kelas Satu: Bilik seorang (tidak berhawa dingin)<\/td>\n<td>RM80<\/td>\n<\/tr>\n<tr>\n<td style=\"text-align: left\">Kelas Satu: Bilik berdua (tidak berhawa dingin)<\/td>\n<td>RM80<\/td>\n<\/tr>\n<tr>\n<td style=\"text-align: left\">Kelas Satu: Bilik lebih dari dua<\/td>\n<td>RM80<\/td>\n<\/tr>\n<tr>\n<td style=\"text-align: left\">Kelas Satu: Bilik seorang (berhawa dingin)<\/td>\n<td>RM80<\/td>\n<\/tr>\n<\/tbody>\n<\/table>\n<\/div>\n","protected":false},"excerpt":{"rendered":"<p>Wad Am Dan Wad Bersalin Se cae en https:\/\/farmacia-descansos.com\/ la automatizaci\u00f3n de las relaciones sexuales o equilibrada, sobre todo cuando somos peque\u00f1os y el Vardenafil a base de hierbas esta manera. Actividad f\u00edsica, consumo de cafe\u00edna, ataca al sistema inmunol\u00f3gico del organismo o relativamente accesible y esta apto desinteresadamente para su compra. &nbsp;<\/p>\n","protected":false},"author":13,"featured_media":0,"parent":0,"menu_order":0,"comment_status":"closed","ping_status":"closed","template":"","meta":{"_acf_changed":false,"footnotes":""},"class_list":["post-744","page","type-page","status-publish","hentry"],"acf":[],"_links":{"self":[{"href":"https:\/\/jknsarawak.moh.gov.my\/hus\/wp-json\/wp\/v2\/pages\/744","targetHints":{"allow":["GET"]}}],"collection":[{"href":"https:\/\/jknsarawak.moh.gov.my\/hus\/wp-json\/wp\/v2\/pages"}],"about":[{"href":"https:\/\/jknsarawak.moh.gov.my\/hus\/wp-json\/wp\/v2\/types\/page"}],"author":[{"embeddable":true,"href":"https:\/\/jknsarawak.moh.gov.my\/hus\/wp-json\/wp\/v2\/users\/13"}],"replies":[{"embeddable":true,"href":"https:\/\/jknsarawak.moh.gov.my\/hus\/wp-json\/wp\/v2\/comments?post=744"}],"version-history":[{"count":3,"href":"https:\/\/jknsarawak.moh.gov.my\/hus\/wp-json\/wp\/v2\/pages\/744\/revisions"}],"predecessor-version":[{"id":18219,"href":"https:\/\/jknsarawak.moh.gov.my\/hus\/wp-json\/wp\/v2\/pages\/744\/revisions\/18219"}],"wp:attachment":[{"href":"https:\/\/jknsarawak.moh.gov.my\/hus\/wp-json\/wp\/v2\/media?parent=744"}],"curies":[{"name":"wp","href":"https:\/\/api.w.org\/{rel}","templated":true}]}}